{"id":9715,"date":"2026-04-17T13:00:58","date_gmt":"2026-04-17T11:00:58","guid":{"rendered":"https:\/\/www.musicalmollet.com\/?post_type=product&#038;p=9715"},"modified":"2026-04-17T13:02:08","modified_gmt":"2026-04-17T11:02:08","slug":"mesa-de-mezclas-debra-4-canales","status":"publish","type":"product","link":"https:\/\/www.musicalmollet.com\/index.php\/producto\/mesa-de-mezclas-debra-4-canales\/","title":{"rendered":"Mesa de Mezclas Debra 4 canales"},"content":{"rendered":"<div class=\"js-product-description-container description-section\">\n<h2>Descripci\u00f3n<\/h2>\n<p><strong>Debra V4 Audio Interface Mixing Console Bluetooth USB Record PC 48V Phantom Power Delay 4 Channels USB Audio Mixer EU Plug<\/strong><\/p>\n<p>La siguiente descripci\u00f3n ha sido traducida de Ingl\u00e9s.<\/p>\n<hr \/>\n<div class=\"a11y-text-width js-read-more js-product-description Product__Description-text text-break\" data-lines-to-clamp=\"4\" data-device=\"mobile\">Esta mesa de mezclas es un dispositivo multifuncional con tarjeta de sonido de 4 canales. Satisface las necesidades de producci\u00f3n musical dom\u00e9stica, transmisiones en vivo, versiones de canciones y mucho m\u00e1s. Caracter\u00edsticas del producto: La mesa de mezclas cuenta con ajuste de ganancia de entrada y graves\/agudos, alimentaci\u00f3n fantasma de 48 V integrada (ideal para alimentar micr\u00f3fonos de condensador), puerto de salida para auriculares de alta definici\u00f3n, conexi\u00f3n para reproductor MP3 y Bluetooth, y conexi\u00f3n para tarjeta de sonido de PC. Es compacta y ligera. Se alimenta directamente mediante el puerto USB de la PC, sin necesidad de fuente de alimentaci\u00f3n adicional. Funciona conect\u00e1ndola a la computadora por USB, evitando la molestia de usar un adaptador externo. Tambi\u00e9n se puede alimentar con una bater\u00eda externa o un adaptador USB AC\/DC. Tipo de enchufe: Enchufe europeo (compatible con Indonesia, Alemania, Francia, Espa\u00f1a, Italia, etc.). Voltaje: CA 220 V Modelo: V4 Color: negro + blanco Material: metal + pl\u00e1stico Contenido del paquete: 1 x Unidad principal 1 x Cable de alimentaci\u00f3n<\/div>\n<ul class=\"d-flex flex-wrap product-description-spec-list mt-16\">\n<li class=\"mr-16\"><strong>Marca: DEBRA<\/strong><\/li>\n<li class=\"mr-16\"><strong>Categor\u00eda: <\/strong> <a href=\"https:\/\/www.fruugo.es\/mesas-de-mezclas\/a-236\">Mesas de mezclas<\/a><\/li>\n<li>\n<div class=\"mr-16\"><strong>Color: <\/strong>Black whit<\/div>\n<\/li>\n<\/ul>\n<\/div>\n<div class=\"description-section\">\n<h2><\/h2>\n<\/div>\n","protected":false},"excerpt":{"rendered":"<p>Descripci\u00f3n Debra V4 Audio Interface Mixing Console Bluetooth USB Record PC 48V Phantom Power Delay 4 Channels USB Audio Mixer EU Plug La siguiente descripci\u00f3n ha sido traducida de Ingl\u00e9s. Esta mesa de mezclas es un dispositivo multifuncional con tarjeta de sonido de 4 canales. Satisface las necesidades de producci\u00f3n musical dom\u00e9stica, transmisiones en vivo, [&hellip;]<\/p>\n","protected":false},"featured_media":9719,"comment_status":"closed","ping_status":"closed","template":"","meta":{"om_disable_all_campaigns":false},"product_cat":[52],"product_tag":[],"class_list":["post-9715","product","type-product","status-publish","has-post-thumbnail","hentry","product_cat-mesas-de-mezclas"],"aioseo_notices":[],"_links":{"self":[{"href":"https:\/\/www.musicalmollet.com\/index.php\/wp-json\/wp\/v2\/product\/9715","targetHints":{"allow":["GET"]}}],"collection":[{"href":"https:\/\/www.musicalmollet.com\/index.php\/wp-json\/wp\/v2\/product"}],"about":[{"href":"https:\/\/www.musicalmollet.com\/index.php\/wp-json\/wp\/v2\/types\/product"}],"replies":[{"embeddable":true,"href":"https:\/\/www.musicalmollet.com\/index.php\/wp-json\/wp\/v2\/comments?post=9715"}],"wp:featuredmedia":[{"embeddable":true,"href":"https:\/\/www.musicalmollet.com\/index.php\/wp-json\/wp\/v2\/media\/9719"}],"wp:attachment":[{"href":"https:\/\/www.musicalmollet.com\/index.php\/wp-json\/wp\/v2\/media?parent=9715"}],"wp:term":[{"taxonomy":"product_cat","embeddable":true,"href":"https:\/\/www.musicalmollet.com\/index.php\/wp-json\/wp\/v2\/product_cat?post=9715"},{"taxonomy":"product_tag","embeddable":true,"href":"https:\/\/www.musicalmollet.com\/index.php\/wp-json\/wp\/v2\/product_tag?post=9715"}],"curies":[{"name":"wp","href":"https:\/\/api.w.org\/{rel}","templated":true}]}}