{"id":9721,"date":"2026-04-17T13:10:30","date_gmt":"2026-04-17T11:10:30","guid":{"rendered":"https:\/\/www.musicalmollet.com\/?post_type=product&#038;p=9721"},"modified":"2026-04-17T13:10:30","modified_gmt":"2026-04-17T11:10:30","slug":"mesa-de-mezclas-debra-8-canales","status":"publish","type":"product","link":"https:\/\/www.musicalmollet.com\/index.php\/producto\/mesa-de-mezclas-debra-8-canales\/","title":{"rendered":"Mesa de Mezclas Debra 8 canales"},"content":{"rendered":"<h2>Descripci\u00f3n<\/h2>\n<p><strong>DEBRA PROFESSIONAL AUDIO V8 Audio Mixer Small Mixing Console with Bluetooth USB 48V Phantom Power Delay Repaeat for DJ EU Plug<\/strong><\/p>\n<p>La siguiente descripci\u00f3n ha sido traducida de Ingl\u00e9s.<\/p>\n<hr \/>\n<div class=\"a11y-text-width js-read-more js-product-description Product__Description-text text-break\" data-lines-to-clamp=\"4\" data-device=\"mobile\">Control de audio mejorado: Experimente un control de sonido superior con la mesa de mezclas Debra V8, que cuenta con 8 canales independientes para una mezcla eficiente de m\u00faltiples fuentes de sonido. Chip digital: Gracias a su chip digital DSP, el ruido de fondo se mantiene pr\u00e1cticamente imperceptible, mejorando notablemente la calidad de las grabaciones. Conectividad avanzada: Equipada con interfaces Bluetooth y USB, esta mesa de mezclas se integra a la perfecci\u00f3n con una variedad de dispositivos para facilitar la transmisi\u00f3n y la grabaci\u00f3n. Efectos profesionales: Los efectos de retardo y repetici\u00f3n integrados mejoran la salida de audio, ideales para crear paisajes sonoros din\u00e1micos. Alimentaci\u00f3n fantasma de 48 V compatible con micr\u00f3fonos de condensador para grabaci\u00f3n de calidad profesional. Mezclador de audio port\u00e1til con m\u00faltiples interfaces para una f\u00e1cil monitorizaci\u00f3n con diferentes auriculares o para dos personas simult\u00e1neamente. Entrada de micr\u00f3fono: balanceada electr\u00f3nicamente, configuraci\u00f3n de entrada discreta. Respuesta de frecuencia: 10 Hz-20 kHz. Rango de ganancia: +14 dB a +60 dB. Relaci\u00f3n se\u00f1al\/ruido: 120 dB. Entrada de l\u00ednea: balanceada electr\u00f3nicamente. Respuesta de frecuencia: 10 Hz a 13 kHz. Rango de ganancia: +10 dB a +60 dB. Relaci\u00f3n se\u00f1al\/ruido: 95 dB. Respuesta de frecuencia: 10 Hz-70 kHz. Rango de ganancia: L\u00ednea: -8 dB a +15 dB \/ Micr\u00f3fono: +13 dB a +60 dB. Relaci\u00f3n se\u00f1al\/ruido: L\u00ednea: -96 dB \/ Micr\u00f3fono: 104 dB. Agudos: 12 kHz, +\/-15 dB. Medios: 2,5 kHz, +\/-15 dB Frecuencia baja: 60 Hz, +\/-15 dB Salida principal: +28 dBu balanceada \/ +22 dBu no balanceada Potencia de salida: +15 dBu \/ 150 W Voltaje: CA 100-240 V Tipo de enchufe: Enchufe europeo (compatible con Indonesia, Alemania, Francia, Espa\u00f1a, Italia, etc.) Color: Como se muestra Material: ABS<\/div>\n","protected":false},"excerpt":{"rendered":"<p>Descripci\u00f3n DEBRA PROFESSIONAL AUDIO V8 Audio Mixer Small Mixing Console with Bluetooth USB 48V Phantom Power Delay Repaeat for DJ EU Plug La siguiente descripci\u00f3n ha sido traducida de Ingl\u00e9s. Control de audio mejorado: Experimente un control de sonido superior con la mesa de mezclas Debra V8, que cuenta con 8 canales independientes para una [&hellip;]<\/p>\n","protected":false},"featured_media":9722,"comment_status":"closed","ping_status":"closed","template":"","meta":{"om_disable_all_campaigns":false},"product_cat":[52],"product_tag":[176],"class_list":["post-9721","product","type-product","status-publish","has-post-thumbnail","hentry","product_cat-mesas-de-mezclas","product_tag-equipos"],"aioseo_notices":[],"_links":{"self":[{"href":"https:\/\/www.musicalmollet.com\/index.php\/wp-json\/wp\/v2\/product\/9721","targetHints":{"allow":["GET"]}}],"collection":[{"href":"https:\/\/www.musicalmollet.com\/index.php\/wp-json\/wp\/v2\/product"}],"about":[{"href":"https:\/\/www.musicalmollet.com\/index.php\/wp-json\/wp\/v2\/types\/product"}],"replies":[{"embeddable":true,"href":"https:\/\/www.musicalmollet.com\/index.php\/wp-json\/wp\/v2\/comments?post=9721"}],"wp:featuredmedia":[{"embeddable":true,"href":"https:\/\/www.musicalmollet.com\/index.php\/wp-json\/wp\/v2\/media\/9722"}],"wp:attachment":[{"href":"https:\/\/www.musicalmollet.com\/index.php\/wp-json\/wp\/v2\/media?parent=9721"}],"wp:term":[{"taxonomy":"product_cat","embeddable":true,"href":"https:\/\/www.musicalmollet.com\/index.php\/wp-json\/wp\/v2\/product_cat?post=9721"},{"taxonomy":"product_tag","embeddable":true,"href":"https:\/\/www.musicalmollet.com\/index.php\/wp-json\/wp\/v2\/product_tag?post=9721"}],"curies":[{"name":"wp","href":"https:\/\/api.w.org\/{rel}","templated":true}]}}