{"id":9726,"date":"2026-04-29T18:37:47","date_gmt":"2026-04-29T16:37:47","guid":{"rendered":"https:\/\/www.musicalmollet.com\/?post_type=product&#038;p=9726"},"modified":"2026-04-29T18:37:47","modified_gmt":"2026-04-29T16:37:47","slug":"scherzando-metodo-de-piano-volumen-3","status":"publish","type":"product","link":"https:\/\/www.musicalmollet.com\/index.php\/producto\/scherzando-metodo-de-piano-volumen-3\/","title":{"rendered":"Scherzando Metodo de Piano volumen 3"},"content":{"rendered":"<article class=\"c-single\">\n<div class=\"container\">\n<div class=\"row\">\n<div class=\"col-12 col-lg-6 offset-xl-1 col-xl-6 c-single__col-info\">\n<div id=\"accordionExample\" class=\"accordion\">\n<div class=\"accordion-item\">\n<div id=\"collapseTwo\" class=\"accordion-collapse collapse show\" aria-labelledby=\"headingTwo\">\n<div class=\"accordion-body\">\n<p>Pr\u00f3logo<br \/>\nC\u00f3mo funciona este libro<br \/>\nEscalas de jazz<br \/>\nLos pedales del piano<\/p>\n<ol>\n<li>Carrousel<\/li>\n<li>Un caf\u00e9 en Broadway<\/li>\n<li>Soldaditos de plomo<\/li>\n<li>Paisaje de invierno<\/li>\n<li>Funky Fever<\/li>\n<li>Minueto en Re<\/li>\n<li>El reloj de cuco<\/li>\n<li>Promenade<\/li>\n<li>Long John Silver<\/li>\n<li>Sketches<\/li>\n<li>Nubes<\/li>\n<li>Tropicana<\/li>\n<li>Canci\u00f3n armenia<\/li>\n<li>Bolero<\/li>\n<li>Valsette<\/li>\n<li>Ragtime<\/li>\n<li>Perdido entre sombras<\/li>\n<li>Fanfarria<\/li>\n<li>Aria escocesa<\/li>\n<li>Blues in F<\/li>\n<li>R\u00eaverie<\/li>\n<li>El esp\u00edritu del halc\u00f3n<\/li>\n<li>Bagatela<\/li>\n<li>Bossanova<\/li>\n<li>Espejos de agua<\/li>\n<li>Slovakian Dance<\/li>\n<li>El arte del swing<\/li>\n<li>Fandango<\/li>\n<li>Impromptu<\/li>\n<li>Jazz Latin Club<\/li>\n<li>Alla Bart\u00f3k<\/li>\n<li>Au revoir!<\/li>\n<li>Tango triste<\/li>\n<li>\u00c9tude<\/li>\n<li>Jazz Suite<\/li>\n<\/ol>\n<p>I.\u00a0 Andantino<br \/>\nII. Ballad<br \/>\nIII. Energico<\/p>\n<p>&nbsp;<\/p>\n<\/div>\n<\/div>\n<\/div>\n<div class=\"accordion-item\">\n<h2 id=\"headingThree\" class=\"accordion-header\"><\/h2>\n<\/div>\n<\/div>\n<\/div>\n<\/div>\n<\/div>\n<\/article>\n<section class=\"py-5\">\n<div class=\"c-head\">\n<div class=\"container\">\n<div class=\"row\">\n<div class=\"col\">\n<div class=\"c-head__wrapper\">\n<h2 class=\"c-head__title\"><a class=\"c-head__link\" style=\"font-size: 16px;\" href=\"https:\/\/boileau-music.com\/es\/autores\/alfaras-joan\">\u00a0<\/a><\/h2>\n<\/div>\n<hr \/>\n<\/div>\n<\/div>\n<\/div>\n<\/div>\n<\/section>\n","protected":false},"excerpt":{"rendered":"<p>Pr\u00f3logo C\u00f3mo funciona este libro Escalas de jazz Los pedales del piano Carrousel Un caf\u00e9 en Broadway Soldaditos de plomo Paisaje de invierno Funky Fever Minueto en Re El reloj de cuco Promenade Long John Silver Sketches Nubes Tropicana Canci\u00f3n armenia Bolero Valsette Ragtime Perdido entre sombras Fanfarria Aria escocesa Blues in F R\u00eaverie El [&hellip;]<\/p>\n","protected":false},"featured_media":9727,"comment_status":"closed","ping_status":"closed","template":"","meta":{"om_disable_all_campaigns":false},"product_cat":[49],"product_tag":[210],"class_list":["post-9726","product","type-product","status-publish","has-post-thumbnail","hentry","product_cat-libreria-y-metodos","product_tag-libreria-y-metodos"],"aioseo_notices":[],"_links":{"self":[{"href":"https:\/\/www.musicalmollet.com\/index.php\/wp-json\/wp\/v2\/product\/9726","targetHints":{"allow":["GET"]}}],"collection":[{"href":"https:\/\/www.musicalmollet.com\/index.php\/wp-json\/wp\/v2\/product"}],"about":[{"href":"https:\/\/www.musicalmollet.com\/index.php\/wp-json\/wp\/v2\/types\/product"}],"replies":[{"embeddable":true,"href":"https:\/\/www.musicalmollet.com\/index.php\/wp-json\/wp\/v2\/comments?post=9726"}],"wp:featuredmedia":[{"embeddable":true,"href":"https:\/\/www.musicalmollet.com\/index.php\/wp-json\/wp\/v2\/media\/9727"}],"wp:attachment":[{"href":"https:\/\/www.musicalmollet.com\/index.php\/wp-json\/wp\/v2\/media?parent=9726"}],"wp:term":[{"taxonomy":"product_cat","embeddable":true,"href":"https:\/\/www.musicalmollet.com\/index.php\/wp-json\/wp\/v2\/product_cat?post=9726"},{"taxonomy":"product_tag","embeddable":true,"href":"https:\/\/www.musicalmollet.com\/index.php\/wp-json\/wp\/v2\/product_tag?post=9726"}],"curies":[{"name":"wp","href":"https:\/\/api.w.org\/{rel}","templated":true}]}}