{"id":9728,"date":"2026-05-02T11:55:55","date_gmt":"2026-05-02T09:55:55","guid":{"rendered":"https:\/\/www.musicalmollet.com\/?post_type=product&#038;p=9728"},"modified":"2026-05-02T11:57:36","modified_gmt":"2026-05-02T09:57:36","slug":"arne-saxo-alto-tenor-bg-s40-c-sh","status":"publish","type":"product","link":"https:\/\/www.musicalmollet.com\/index.php\/producto\/arne-saxo-alto-tenor-bg-s40-c-sh\/","title":{"rendered":"Arn\u00e9 Saxo Alto, Tenor BG S40 C SH Hombre"},"content":{"rendered":"<p>El arn\u00e9s m\u00e1s c\u00f3modo<\/p>\n<p>Reparte uniformemente el peso sobre los hombros (Reduce la presi\u00f3n en los m\u00fasculos del cuello)<\/p>\n<p>F\u00e1cil y r\u00e1pido de usar: 4 cierres frontales para un r\u00e1pido ajuste + 1 regulador en la parte posterior para m\u00e1ximizar el confort<\/p>\n<p>Hecho en Francia. Correas de nylon suave<\/p>\n<p>Doble pespunteado para duplicar la seguridad<\/p>\n<p>Saxo Alto y Tenor \/ Mosquet\u00f3n de pl\u00e1stico ABS<\/p>\n","protected":false},"excerpt":{"rendered":"<p>El arn\u00e9s m\u00e1s c\u00f3modo Reparte uniformemente el peso sobre los hombros (Reduce la presi\u00f3n en los m\u00fasculos del cuello) F\u00e1cil y r\u00e1pido de usar: 4 cierres frontales para un r\u00e1pido ajuste + 1 regulador en la parte posterior para m\u00e1ximizar el confort Hecho en Francia. Correas de nylon suave Doble pespunteado para duplicar la seguridad [&hellip;]<\/p>\n","protected":false},"featured_media":9729,"comment_status":"closed","ping_status":"closed","template":"","meta":{"om_disable_all_campaigns":false},"product_cat":[296],"product_tag":[297],"class_list":["post-9728","product","type-product","status-publish","has-post-thumbnail","hentry","product_cat-correas-y-bandoleras","product_tag-correas"],"aioseo_notices":[],"_links":{"self":[{"href":"https:\/\/www.musicalmollet.com\/index.php\/wp-json\/wp\/v2\/product\/9728","targetHints":{"allow":["GET"]}}],"collection":[{"href":"https:\/\/www.musicalmollet.com\/index.php\/wp-json\/wp\/v2\/product"}],"about":[{"href":"https:\/\/www.musicalmollet.com\/index.php\/wp-json\/wp\/v2\/types\/product"}],"replies":[{"embeddable":true,"href":"https:\/\/www.musicalmollet.com\/index.php\/wp-json\/wp\/v2\/comments?post=9728"}],"wp:featuredmedia":[{"embeddable":true,"href":"https:\/\/www.musicalmollet.com\/index.php\/wp-json\/wp\/v2\/media\/9729"}],"wp:attachment":[{"href":"https:\/\/www.musicalmollet.com\/index.php\/wp-json\/wp\/v2\/media?parent=9728"}],"wp:term":[{"taxonomy":"product_cat","embeddable":true,"href":"https:\/\/www.musicalmollet.com\/index.php\/wp-json\/wp\/v2\/product_cat?post=9728"},{"taxonomy":"product_tag","embeddable":true,"href":"https:\/\/www.musicalmollet.com\/index.php\/wp-json\/wp\/v2\/product_tag?post=9728"}],"curies":[{"name":"wp","href":"https:\/\/api.w.org\/{rel}","templated":true}]}}