{"id":976,"date":"2025-01-28T10:25:23","date_gmt":"2025-01-28T09:25:23","guid":{"rendered":"http:\/\/www.musicalmollet.com\/wordpress\/?post_type=product&#038;p=976"},"modified":"2025-01-28T18:58:40","modified_gmt":"2025-01-28T17:58:40","slug":"pedal-mooer-tremolo","status":"publish","type":"product","link":"https:\/\/www.musicalmollet.com\/index.php\/producto\/pedal-mooer-tremolo\/","title":{"rendered":"PEDAL MOOER TREMOLO SPARK SERIES"},"content":{"rendered":"<p>Pedal de efectos Para guitarra el\u00e9ctrica Sonido de tr\u00e9molo \u00f3ptico cl\u00e1sico Amplio rango de velocidades y profundidad Controles: Profundidad, Velocidad, Shape, Interruptor Normal\/Bright Carcasa met\u00e1lica Bypass aut\u00e9ntico Fuente de alimentaci\u00f3n opcional 9V DC (centro negativo) Dimensiones: 60 mm x 62 mm x 53 mm (ancho x profundo x alto) Peso: 262g Incluye cinta Velcro<\/p>\n","protected":false},"excerpt":{"rendered":"<h4>!!ATENCION!! Solo queda 1 unidad<\/h4>\n","protected":false},"featured_media":977,"comment_status":"open","ping_status":"closed","template":"","meta":{"om_disable_all_campaigns":false},"product_cat":[57],"product_tag":[191],"class_list":["post-976","product","type-product","status-publish","has-post-thumbnail","hentry","product_cat-pedales-de-efectos","product_tag-pedal"],"aioseo_notices":[],"_links":{"self":[{"href":"https:\/\/www.musicalmollet.com\/index.php\/wp-json\/wp\/v2\/product\/976","targetHints":{"allow":["GET"]}}],"collection":[{"href":"https:\/\/www.musicalmollet.com\/index.php\/wp-json\/wp\/v2\/product"}],"about":[{"href":"https:\/\/www.musicalmollet.com\/index.php\/wp-json\/wp\/v2\/types\/product"}],"replies":[{"embeddable":true,"href":"https:\/\/www.musicalmollet.com\/index.php\/wp-json\/wp\/v2\/comments?post=976"}],"wp:featuredmedia":[{"embeddable":true,"href":"https:\/\/www.musicalmollet.com\/index.php\/wp-json\/wp\/v2\/media\/977"}],"wp:attachment":[{"href":"https:\/\/www.musicalmollet.com\/index.php\/wp-json\/wp\/v2\/media?parent=976"}],"wp:term":[{"taxonomy":"product_cat","embeddable":true,"href":"https:\/\/www.musicalmollet.com\/index.php\/wp-json\/wp\/v2\/product_cat?post=976"},{"taxonomy":"product_tag","embeddable":true,"href":"https:\/\/www.musicalmollet.com\/index.php\/wp-json\/wp\/v2\/product_tag?post=976"}],"curies":[{"name":"wp","href":"https:\/\/api.w.org\/{rel}","templated":true}]}}