{"id":988,"date":"2023-03-23T10:29:53","date_gmt":"2023-03-23T09:29:53","guid":{"rendered":"http:\/\/www.musicalmollet.com\/wordpress\/?post_type=product&#038;p=988"},"modified":"2023-03-23T18:37:59","modified_gmt":"2023-03-23T17:37:59","slug":"pedal-wha-wha-cry-baby-gcb95","status":"publish","type":"product","link":"https:\/\/www.musicalmollet.com\/index.php\/producto\/pedal-wha-wha-cry-baby-gcb95\/","title":{"rendered":"PEDAL WHA-WHA CRY BABY GCB95"},"content":{"rendered":"<p>Pedal Wah El icono entre todos los wahs Equipado con el legendario inductor rojo Fasel Potenci\u00f3metro Hot Potz de 100 kOhmios para un efecto de respuesta r\u00e1pida Bypass Hardwire Carcasa robusta de metal Compartimiento para la bater\u00eda en la parte inferior Funciona con bater\u00eda de 9V o fuente de alimentaci\u00f3n opcional 9V DC no incluida con conector de barril de 2,1mm y polaridad centro negativo Fabricado en Estados Unidos<\/p>\n","protected":false},"excerpt":{"rendered":"<p>Pedal Wah El icono entre todos los wahs Equipado con el legendario inductor rojo Fasel Potenci\u00f3metro Hot Potz de 100 kOhmios para un efecto de respuesta r\u00e1pida Bypass Hardwire Carcasa robusta de metal Compartimiento para la bater\u00eda en la parte inferior Funciona con bater\u00eda de 9V o fuente de alimentaci\u00f3n opcional 9V DC no incluida [&hellip;]<\/p>\n","protected":false},"featured_media":989,"comment_status":"open","ping_status":"closed","template":"","meta":{"om_disable_all_campaigns":false},"product_cat":[57],"product_tag":[191],"class_list":["post-988","product","type-product","status-publish","has-post-thumbnail","hentry","product_cat-pedales-de-efectos","product_tag-pedal"],"aioseo_notices":[],"_links":{"self":[{"href":"https:\/\/www.musicalmollet.com\/index.php\/wp-json\/wp\/v2\/product\/988","targetHints":{"allow":["GET"]}}],"collection":[{"href":"https:\/\/www.musicalmollet.com\/index.php\/wp-json\/wp\/v2\/product"}],"about":[{"href":"https:\/\/www.musicalmollet.com\/index.php\/wp-json\/wp\/v2\/types\/product"}],"replies":[{"embeddable":true,"href":"https:\/\/www.musicalmollet.com\/index.php\/wp-json\/wp\/v2\/comments?post=988"}],"wp:featuredmedia":[{"embeddable":true,"href":"https:\/\/www.musicalmollet.com\/index.php\/wp-json\/wp\/v2\/media\/989"}],"wp:attachment":[{"href":"https:\/\/www.musicalmollet.com\/index.php\/wp-json\/wp\/v2\/media?parent=988"}],"wp:term":[{"taxonomy":"product_cat","embeddable":true,"href":"https:\/\/www.musicalmollet.com\/index.php\/wp-json\/wp\/v2\/product_cat?post=988"},{"taxonomy":"product_tag","embeddable":true,"href":"https:\/\/www.musicalmollet.com\/index.php\/wp-json\/wp\/v2\/product_tag?post=988"}],"curies":[{"name":"wp","href":"https:\/\/api.w.org\/{rel}","templated":true}]}}