{"id":998,"date":"2016-05-09T10:34:50","date_gmt":"2016-05-09T16:34:50","guid":{"rendered":"http:\/\/www.musicalmollet.com\/wordpress\/?post_type=product&#038;p=998"},"modified":"2016-05-09T10:34:50","modified_gmt":"2016-05-09T16:34:50","slug":"baquetas-vic-firth-7an","status":"publish","type":"product","link":"https:\/\/www.musicalmollet.com\/index.php\/producto\/baquetas-vic-firth-7an\/","title":{"rendered":"BAQUETAS VIC FIRTH 7AN"},"content":{"rendered":"<p>Baquetas bater\u00eda 7AN Punta de nylon tipo l\u00e1grima Madera de nogal americano Perfectas para jazz y combos Largo: 15,5&#8243;; Di\u00e1metro: 0,540&#8243;<\/p>\n","protected":false},"excerpt":{"rendered":"<p>Baquetas bater\u00eda 7AN Punta de nylon tipo l\u00e1grima Madera de nogal americano Perfectas para jazz y combos Largo: 15,5&#8243;; Di\u00e1metro: 0,540&#8243;<\/p>\n","protected":false},"featured_media":999,"comment_status":"open","ping_status":"closed","template":"","meta":{"om_disable_all_campaigns":false},"product_cat":[58,120],"product_tag":[192,193],"class_list":["post-998","product","type-product","status-publish","has-post-thumbnail","hentry","product_cat-baquetas-mazas","product_cat-baquetas-mazas-claves-etc","product_tag-baquetas","product_tag-percusion"],"aioseo_notices":[],"_links":{"self":[{"href":"https:\/\/www.musicalmollet.com\/index.php\/wp-json\/wp\/v2\/product\/998","targetHints":{"allow":["GET"]}}],"collection":[{"href":"https:\/\/www.musicalmollet.com\/index.php\/wp-json\/wp\/v2\/product"}],"about":[{"href":"https:\/\/www.musicalmollet.com\/index.php\/wp-json\/wp\/v2\/types\/product"}],"replies":[{"embeddable":true,"href":"https:\/\/www.musicalmollet.com\/index.php\/wp-json\/wp\/v2\/comments?post=998"}],"wp:featuredmedia":[{"embeddable":true,"href":"https:\/\/www.musicalmollet.com\/index.php\/wp-json\/wp\/v2\/media\/999"}],"wp:attachment":[{"href":"https:\/\/www.musicalmollet.com\/index.php\/wp-json\/wp\/v2\/media?parent=998"}],"wp:term":[{"taxonomy":"product_cat","embeddable":true,"href":"https:\/\/www.musicalmollet.com\/index.php\/wp-json\/wp\/v2\/product_cat?post=998"},{"taxonomy":"product_tag","embeddable":true,"href":"https:\/\/www.musicalmollet.com\/index.php\/wp-json\/wp\/v2\/product_tag?post=998"}],"curies":[{"name":"wp","href":"https:\/\/api.w.org\/{rel}","templated":true}]}}